{"id":111,"date":"2017-09-03T11:36:20","date_gmt":"2017-09-03T11:36:20","guid":{"rendered":"http:\/\/schiesssportclubneiden.apps-1and1.net\/?page_id=111"},"modified":"2022-07-31T12:57:33","modified_gmt":"2022-07-31T10:57:33","slug":"schiessanlagen","status":"publish","type":"page","link":"https:\/\/sportschiessen-neiden.de\/?page_id=111","title":{"rendered":"Schiessanlagen"},"content":{"rendered":"<p>Folgende Schie\u00dfsportanlagen stehen zur Verf\u00fcgung:<\/p>\n<table style=\"width: 829px;\" border=\"0\" cellspacing=\"0\" cellpadding=\"0\">\n<tbody>\n<tr>\n<td style=\"width: 829px;\" valign=\"top\">\n<ul>\n<li>25 m-Kugelschie\u00dfstand mit 20 Bahnen einschlie\u00dflich 2 Duellanlagen<\/li>\n<li>50 m auf \u201elaufenden Keiler\u201c bzw. Hase f\u00fcr B\u00fcchsen und Flinten (keine Flintenlaufgeschosse)<\/li>\n<li>50 m-Kugelschie\u00dfstand mit 10 Bahnen KK und GK; auch Flintenlaufgeschosse<\/li>\n<li>100 m-Kugelschie\u00dfstand f\u00fcr KK und GK mit 10 Bahnen einschlie\u00dflich 2 Seilzuganlagen und 4 elektronischen Schiessanlagen (ESA)<\/li>\n<li>300 m-Kugelschie\u00dfstand f\u00fcr GK mit 2 Bahnen durch R\u00f6hren, davon eine Bahn ESA<\/li>\n<li>kombinierter Wurfscheibenstand mit 15 Maschinen Trap, Doppeltrap, \u00a0Skeet und Rollhase, auch Parcours<\/li>\n<li>10-Bahnen-Freiluftstand f\u00fcr Bogen und Armbrust<\/li>\n<li>Schie\u00dfhalle f\u00fcr Luftgewehr und -pistole, 10 m mit 20 Bahnen und \u201eLaufende Scheibe\u201c<\/li>\n<\/ul>\n<\/td>\n<\/tr>\n<\/tbody>\n<\/table>\n","protected":false},"excerpt":{"rendered":"<p>Folgende Schie\u00dfsportanlagen stehen zur Verf\u00fcgung: 25 m-Kugelschie\u00dfstand mit 20 Bahnen einschlie\u00dflich 2 Duellanlagen 50 m auf \u201elaufenden Keiler\u201c bzw. Hase f\u00fcr B\u00fcchsen und Flinten (keine Flintenlaufgeschosse) 50 m-Kugelschie\u00dfstand mit 10 &hellip; <\/p>\n<p class=\"link-more\"><a href=\"https:\/\/sportschiessen-neiden.de\/?page_id=111\" class=\"more-link\"><span class=\"screen-reader-text\">\u201eSchiessanlagen\u201c <\/span>weiterlesen<\/a><\/p>\n","protected":false},"author":1,"featured_media":0,"parent":0,"menu_order":0,"comment_status":"closed","ping_status":"closed","template":"","meta":{"footnotes":""},"class_list":["post-111","page","type-page","status-publish","hentry"],"_links":{"self":[{"href":"https:\/\/sportschiessen-neiden.de\/index.php?rest_route=\/wp\/v2\/pages\/111","targetHints":{"allow":["GET"]}}],"collection":[{"href":"https:\/\/sportschiessen-neiden.de\/index.php?rest_route=\/wp\/v2\/pages"}],"about":[{"href":"https:\/\/sportschiessen-neiden.de\/index.php?rest_route=\/wp\/v2\/types\/page"}],"author":[{"embeddable":true,"href":"https:\/\/sportschiessen-neiden.de\/index.php?rest_route=\/wp\/v2\/users\/1"}],"replies":[{"embeddable":true,"href":"https:\/\/sportschiessen-neiden.de\/index.php?rest_route=%2Fwp%2Fv2%2Fcomments&post=111"}],"version-history":[{"count":5,"href":"https:\/\/sportschiessen-neiden.de\/index.php?rest_route=\/wp\/v2\/pages\/111\/revisions"}],"predecessor-version":[{"id":1971,"href":"https:\/\/sportschiessen-neiden.de\/index.php?rest_route=\/wp\/v2\/pages\/111\/revisions\/1971"}],"wp:attachment":[{"href":"https:\/\/sportschiessen-neiden.de\/index.php?rest_route=%2Fwp%2Fv2%2Fmedia&parent=111"}],"curies":[{"name":"wp","href":"https:\/\/api.w.org\/{rel}","templated":true}]}}